{"id":1712,"date":"2015-11-18T15:27:09","date_gmt":"2015-11-18T15:27:09","guid":{"rendered":"http:\/\/prestazilla.org\/wordpress\/transargo\/?page_id=1712"},"modified":"2023-12-28T12:34:28","modified_gmt":"2023-12-28T12:34:28","slug":"contact","status":"publish","type":"page","link":"https:\/\/domzdravljastanari.com\/en\/contact\/","title":{"rendered":"Kontakt"},"content":{"rendered":"<div class=\"wpb-content-wrapper\"><div class=\"vc_row wpb_row vc_row-fluid pix-vc_row-no-padding pix-row-overlay\"><div class=\"wpb_column vc_column_container vc_col-sm-12\"><div class=\"vc_column-inner\" ><div class=\"wpb_wrapper\"><div class=\"vc_empty_space\"   style=\"height: 50px\"><span class=\"vc_empty_space_inner\"><\/span><\/div><div class=\"kswr-fancytext-container kswr-theelement\" style=\"text-align:center;\">\n\t\t\t\t\t<span class=\"kswr-fancytext-prefix kswr-shortcode-element tmpl-title-font\" data-fontsettings=\"font-size:38px;line-height:1.5;--tablet-font-size:22;--phone-font-size:22;\" style=\"font-size:38px;line-height:1.5;--tablet-font-size:22;--phone-font-size:22; font-weight:300;  \">Po\u0161aljite<\/span> \n\t\t\t\t\t<span class=\"kswr-fancytext kswr-shortcode-element tmpl-theme-font\" data-fontsettings=\"font-size:48px;line-height:1.5;--tablet-font-size:22;--phone-font-size:22;\" style=\"font-size:48px;line-height:1.5;--tablet-font-size:22;--phone-font-size:22; font-weight:500;  color:#333333;\" data-style=\"slider\" data-holdtime=\"10000\" data-cursor=\"false\" data-typespeed=\"100\" data-typeanimation=\"none\" data-words=\"[&quot;nam poruku&quot;]\"><\/span>\n\t\t\t\t\t<span class=\"kswr-fancytext-suffix kswr-shortcode-element tmpl-title-font\" data-fontsettings=\"font-size:38px;line-height:1.5;--tablet-font-size:22;--phone-font-size:22;\" style=\"font-size:38px;line-height:1.5;--tablet-font-size:22;--phone-font-size:22; font-weight:400;  color:#f26529;background-clip: inherit;background-color: inherit; -webkit-text-fill-color:#f26529;\"><\/span> \n\t\t\t\t<\/div><div class=\"kswr-responsive-spacer\" data-desk=\"5px\" data-tablet=\"5px\" data-tablet-sm=\"5px\" data-phone=\"5px\" data-phone-sm=\"5px\" style=\"--spc-desk:5px;--spc-tablet:5px;--spc-tablet-sm:5px;--spc-phone:5px;--spc-phone-sm:5px;\"><\/div><div class=\"kswr-heading-container kswr-theelement\" style=\"text-align:center;\">\n\t\t\t\t<div class=\"kswr-heading-title kswr-shortcode-element\" data-fontsettings=\"font-size:19px;\" style=\"font-size:19px;  margin-top:0px;margin-bottom:0px;color:#333;background-clip: inherit;background-color: inherit; -webkit-text-fill-color:#333;\"><\/div>\n\t\t\t\t<div class=\"kswr-heading-content kswr-shortcode-element  tmpl-title-font\" data-fontsettings=\"font-size:22px;letter-spacing:1.9px;\" style=\"font-size:22px;letter-spacing:1.9px; font-weight:300; margin-top:0px;margin-bottom:0px;color:#888888;\">Molimo vas ispunite formu ispod<\/div>\n\t\t\t<\/div><div class=\"kswr-responsive-spacer\" data-desk=\"40px\" data-tablet=\"40px\" data-tablet-sm=\"40px\" data-phone=\"40px\" data-phone-sm=\"40px\" style=\"--spc-desk:40px;--spc-tablet:40px;--spc-tablet-sm:40px;--spc-phone:40px;--spc-phone-sm:40px;\"><\/div><\/div><\/div><\/div><div class=\"kswr-column-settings\" data-minheight=\"0px\" data-isminheight=\"off\" data-theclasses=\"kswr_pnone kswr_mnone kswr_bnone\"><\/div><\/div><div class=\"kswr-row-element-back\" data-classes=\"kswr_pnone kswr_mnone kswr_bnone\"><\/div><div id=\"booked-calendar\" class=\"vc_row wpb_row vc_row-fluid pix-vc_row-no-padding pix-row-overlay\"><div class=\"wpb_column vc_column_container vc_col-sm-12\"><div class=\"vc_column-inner\" ><div class=\"wpb_wrapper\"><div class=\"kameleon-cf7-container kameleon-cf7-containerNlhb4CVe\" data-classname=\".kameleon-cf7-containerNlhb4CVe\" data-style-name=\"default\"  data-style=\"qaswara\" data-button-style=\"qaswara\" data-style-css=\"--kmcf7-btn-fontsize: 16px;--kmcf7-btn-align: center;--kmcf7-btn-width: 50%;--kmcf7-btn-letterspacing: 1px;--kmcf7-btn-height: 45px;--kmcf7-btn-mgtop: 15px;--kmcf7-btn-mgbottom: 15px;--kmcf7-btn-border-radius: 0;--kmcf7-btn-color: #ccc;--kmcf7-btn-border-width: 0;--kmcf7-btn-bg-color: #111;--kmcf7-btn-border-color: #1a1a1a;--kmcf7-btn-color-hover: #fff;--kmcf7-btn-bg-color-hover: #269AD6;--kmcf7-btn-border-color-hover: #2492CA;--qaswara-input-height:50px;--qaswara-input-margin-top:15px;--qaswara-input-margin-bottom:15px;--qaswara-input-font-size:15px;  --qaswara-input-color: #888;    --qaswara-color: #bbb;     --qaswara-font-size:15px;--qaswara-border-width: 1px;  --qaswara-border-color:#eee;--qaswara-border-active-color:#269AD6;--qaswara-textarea-height:250px;;\" style=\"--kmcf7-btn-fontsize: 16px;--kmcf7-btn-align: center;--kmcf7-btn-width: 50%;--kmcf7-btn-letterspacing: 1px;--kmcf7-btn-height: 45px;--kmcf7-btn-mgtop: 15px;--kmcf7-btn-mgbottom: 15px;--kmcf7-btn-border-radius: 0;--kmcf7-btn-color: #ccc;--kmcf7-btn-border-width: 0;--kmcf7-btn-bg-color: #111;--kmcf7-btn-border-color: #1a1a1a;--kmcf7-btn-color-hover: #fff;--kmcf7-btn-bg-color-hover: #269AD6;--kmcf7-btn-border-color-hover: #2492CA;--qaswara-input-height:50px;--qaswara-input-margin-top:15px;--qaswara-input-margin-bottom:15px;--qaswara-input-font-size:15px;  --qaswara-input-color: #888;    --qaswara-color: #bbb;     --qaswara-font-size:15px;--qaswara-border-width: 1px;  --qaswara-border-color:#eee;--qaswara-border-active-color:#269AD6;--qaswara-textarea-height:250px;;\">\n<div class=\"wpcf7 no-js\" id=\"wpcf7-f14781-o1\" lang=\"en-US\" dir=\"ltr\">\n<div class=\"screen-reader-response\"><p role=\"status\" aria-live=\"polite\" aria-atomic=\"true\"><\/p> <ul><\/ul><\/div>\n<form action=\"\/en\/wp-json\/wp\/v2\/pages\/1712#wpcf7-f14781-o1\" method=\"post\" class=\"wpcf7-form init mailchimp-ext-0.4.50\" aria-label=\"Contact form\" novalidate=\"novalidate\" data-status=\"init\" data-trp-original-action=\"\/en\/wp-json\/wp\/v2\/pages\/1712#wpcf7-f14781-o1\">\n<div style=\"display: none;\">\n<input type=\"hidden\" name=\"_wpcf7\" value=\"14781\" \/>\n<input type=\"hidden\" name=\"_wpcf7_version\" value=\"5.8.6\" \/>\n<input type=\"hidden\" name=\"_wpcf7_locale\" value=\"en_US\" \/>\n<input type=\"hidden\" name=\"_wpcf7_unit_tag\" value=\"wpcf7-f14781-o1\" \/>\n<input type=\"hidden\" name=\"_wpcf7_container_post\" value=\"0\" \/>\n<input type=\"hidden\" name=\"_wpcf7_posted_data_hash\" value=\"\" \/>\n<\/div>\n<div class=\"row\">\n\t<div class=\"col-md-6\">\n\t\t<p><span class=\"wpcf7-form-control-wrap your-name km_cf7-input-container\">     \n      <input size=\"40\" class=\"wpcf7-form-control wpcf7-text wpcf7-validates-as-required km_cf7-input\" id=\"kmcf7-your-name0J54mAkh\" aria-required=\"true\" aria-invalid=\"false\" value=\"\" type=\"text\" name=\"your-name\" onfocus=\"km_cf7_designer_focus(this)\" onblur=\"km_cf7_designer_blur()\"\/>\n      <label class=\"km_cf7-label\" for=\"kmcf7-your-name0J54mAkh\" data-content=\"IME I PREZIME\">\n        <span class=\"km_cf7_label-content\" data-content=\"IME I PREZIME\">IME I PREZIME<\/span>\n      <\/label>\n      \n    <\/span><span class=\"wpcf7-form-control-wrap your-email km_cf7-input-container\">     \n      <input size=\"40\" class=\"wpcf7-form-control wpcf7-email wpcf7-text wpcf7-validates-as-email km_cf7-input\" id=\"kmcf7-your-emailHAP6Wm4B\" aria-invalid=\"false\" value=\"\" type=\"email\" name=\"your-email\" onfocus=\"km_cf7_designer_focus(this)\" onblur=\"km_cf7_designer_blur()\"\/>\n      <label class=\"km_cf7-label\" for=\"kmcf7-your-emailHAP6Wm4B\" data-content=\"EMAIL\">\n        <span class=\"km_cf7_label-content\" data-content=\"EMAIL\">EMAIL<\/span>\n      <\/label>\n      \n    <\/span>\n\t\t<\/p>\n\t<\/div>\n\t<div class=\"col-md-6\">\n\t\t<p><span class=\"wpcf7-form-control-wrap your-subject km_cf7-input-container\">     \n      <input size=\"40\" class=\"wpcf7-form-control wpcf7-text km_cf7-input\" id=\"kmcf7-your-subject2May7HmZ\" aria-invalid=\"false\" value=\"\" type=\"text\" name=\"your-subject\" onfocus=\"km_cf7_designer_focus(this)\" onblur=\"km_cf7_designer_blur()\"\/>\n      <label class=\"km_cf7-label\" for=\"kmcf7-your-subject2May7HmZ\" data-content=\"PREDMET\">\n        <span class=\"km_cf7_label-content\" data-content=\"PREDMET\">PREDMET<\/span>\n      <\/label>\n      \n    <\/span><span class=\"wpcf7-form-control-wrap your-phone km_cf7-input-container\">     \n      <input size=\"40\" class=\"wpcf7-form-control wpcf7-text km_cf7-input\" id=\"kmcf7-your-phoneKMLFD84A\" aria-invalid=\"false\" value=\"\" type=\"text\" name=\"your-phone\" onfocus=\"km_cf7_designer_focus(this)\" onblur=\"km_cf7_designer_blur()\"\/>\n      <label class=\"km_cf7-label\" for=\"kmcf7-your-phoneKMLFD84A\" data-content=\"TELEFON\">\n        <span class=\"km_cf7_label-content\" data-content=\"TELEFON\">TELEFON<\/span>\n      <\/label>\n      \n    <\/span>\n\t\t<\/p>\n\t<\/div>\n\t<div class=\"col-md-12\">\n\t\t<p><span class=\"wpcf7-form-control-wrap km_cf7-input-container your-message km_cf7-textarea-container\">\n      <textarea cols=\"40\" rows=\"10\" class=\"wpcf7-form-control wpcf7-textarea km_cf7-input km_cf7-textarea\" id=\"kmcf7-your-message7D4tPF8r\" aria-invalid=\"false\" name=\"your-message\" onfocus=\"km_cf7_designer_focus(this)\" onblur=\"km_cf7_designer_blur()\"><\/textarea>\n      <label class=\"km_cf7-label\" for=\"kmcf7-your-message7D4tPF8r\" data-content=\"PORUKA\">\n        <span class=\"km_cf7_label-content\" data-content=\"PORUKA\">PORUKA<\/span>\n      <\/label>\n      \n    <\/span>\n\t\t<\/p>\n\t<\/div>\n\t<div class=\"col-md-12\">\n\t\t<div class=\"km_cf7-submit-container\">\n        <div class=\"km_cf7-submit-insider\">\n          <div class=\"km_cf7-submit-btn-txt km_cf7-btn-txt-r\">PO\u0160ALJI<\/div>\n          <div class=\"km_cf7-submit-btn-txt km_cf7-btn-txt-h\">PO\u0160ALJI<\/div>\n          <div class=\"km_cf7-btn-bg-r\"><\/div><div class=\"km_cf7-btn-bg-h\"><\/div>\n          <input class=\"wpcf7-form-control wpcf7-submit km_cf7-button\" type=\"submit\" value=\"PO\u0160ALJI\" \/>\n        <\/div>\n      <\/div>\n\t<\/div>\n<\/div><p style=\"display: none !important;\" class=\"akismet-fields-container\" data-prefix=\"_wpcf7_ak_\"><label>&#916;<textarea name=\"_wpcf7_ak_hp_textarea\" cols=\"45\" rows=\"8\" maxlength=\"100\"><\/textarea><\/label><input type=\"hidden\" id=\"ak_js_1\" name=\"_wpcf7_ak_js\" value=\"70\"\/><script>document.getElementById( \"ak_js_1\" ).setAttribute( \"value\", ( new Date() ).getTime() );<\/script><\/p><div class=\"wpcf7-response-output\" aria-hidden=\"true\"><\/div><p style=\"display: none !important\"><span class=\"wpcf7-form-control-wrap referer-page\"><input type=\"hidden\" name=\"referer-page\" value=\"direct visit\" class=\"wpcf7-form-control wpcf7-text referer-page\" aria-invalid=\"false\"><\/span><\/p>\n<!-- Chimpmail extension by Renzo Johnson -->\n<input type=\"hidden\" name=\"trp-form-language\" value=\"en\"\/><\/form>\n<\/div>\n<\/div><div class=\"kswr-responsive-spacer\" data-desk=\"40px\" data-tablet=\"40px\" data-tablet-sm=\"40px\" data-phone=\"40px\" data-phone-sm=\"40px\" style=\"--spc-desk:40px;--spc-tablet:40px;--spc-tablet-sm:40px;--spc-phone:40px;--spc-phone-sm:40px;\"><\/div><\/div><\/div><\/div><div class=\"kswr-column-settings\" data-minheight=\"0px\" data-isminheight=\"off\" data-theclasses=\"kswr_pnone kswr_mnone kswr_bnone\"><\/div><\/div><div class=\"kswr-row-element-back\" data-classes=\"kswr_pnone kswr_mnone kswr_bnone\"><\/div><div class=\"vc_row wpb_row vc_row-fluid pix-vc_row-no-padding pix-row-overlay\"><div class=\"wpb_column vc_column_container vc_col-sm-12\"><div class=\"vc_column-inner\" ><div class=\"wpb_wrapper\"><div class=\"kswr-responsive-spacer\" data-desk=\"80px\" data-tablet=\"80px\" data-tablet-sm=\"40px\" data-phone=\"40px\" data-phone-sm=\"40px\" style=\"--spc-desk:80px;--spc-tablet:80px;--spc-tablet-sm:40px;--spc-phone:40px;--spc-phone-sm:40px;\"><\/div>\n\t<div  class=\"wpb_single_image wpb_content_element vc_align_center\">\n\t\t\n\t\t<figure class=\"wpb_wrapper vc_figure\">\n\t\t\t<div class=\"vc_single_image-wrapper   vc_box_border_grey\"><img loading=\"lazy\" decoding=\"async\" width=\"46\" height=\"15\" src=\"https:\/\/domzdravljastanari.com\/wp-content\/uploads\/2018\/07\/decor-brand.png\" class=\"vc_single_image-img attachment-full\" alt=\"\" title=\"decor-brand\" \/><\/div>\n\t\t<\/figure>\n\t<\/div>\n<div class=\"kswr-responsive-spacer\" data-desk=\"40px\" data-tablet=\"40px\" data-tablet-sm=\"40px\" data-phone=\"40px\" data-phone-sm=\"40px\" style=\"--spc-desk:40px;--spc-tablet:40px;--spc-tablet-sm:40px;--spc-phone:40px;--spc-phone-sm:40px;\"><\/div><\/div><\/div><\/div><div class=\"kswr-column-settings\" data-minheight=\"0px\" data-isminheight=\"off\" data-theclasses=\"kswr_pnone kswr_mnone kswr_bnone\"><\/div><\/div><div class=\"kswr-row-element-back\" data-classes=\"kswr_pnone kswr_mnone kswr_bnone\"><\/div><div data-vc-full-width=\"true\" data-vc-full-width-init=\"false\" class=\"vc_row wpb_row vc_row-fluid pix-vc_row-no-padding pix-row-overlay vc_custom_1532360694029\"><div class=\"wpb_column vc_column_container vc_col-sm-4\"><div class=\"vc_column-inner\" ><div class=\"wpb_wrapper\"><div class=\"kswr-animationblock\" data-reanimation=\"false\" data-animation=\"fadeInUp\"  style=\"animation-duration: 1s; -webkit-animation-duration: 1s; animation-delay:0.3s; -webkit-animation-delay:0.3s;\"><div class=\"blockanimecont\"><div class=\"kswr-ibi-container kswr-icon-thatc kswr-theelement\"  data-layout=\"icontop\" data-icolayout=\"center\" data-hover=\"hiroshi\" ><div class=\"kswr-ibi-icon-ct\" style=\"margin-top:0px;margin-left:0px;margin-right:0px;margin-bottom:10px;\"><div class=\"kswr-icon-container kswr-icon-thatc kswr-icon-thatc-rSmghHW7\" data-rotation=\"false\" data-hover=\"hiroshi\" style=\"width:85px; height: 85px; line-height:85px;  border-radius: 500px; --hover-bg:#f26529; \">\n\t\t\t\t<div class=\"kswr-icon-ic kswr-icon-ic-r kswr-icon-r\" style=\" font-size:28px;\"><i  style=\"color:#ffffff;background-clip: inherit;background-color: inherit; -webkit-text-fill-color:#ffffff;\" class=\"theme-fonts-Flag\"><\/i><\/div>\n\t\t\t\t<div class=\"kswr-icon-ic kswr-icon-ic-h kswr-icon-h\" style=\"font-size:28px;\"><i style=\"color:#ffffff;background-clip: inherit;background-color: inherit; -webkit-text-fill-color:#ffffff;\" class=\"theme-fonts-Flag\"><\/i><\/div>\n\t\t\t\t<div class=\"kswr-icon-bg kswr-icon-bg-r kswr-icon-r\" style=\"background:#2986e2;border:0px none transparent;border-width:0px;\"><\/div>\n\t\t\t\t<div class=\"kswr-icon-bg kswr-icon-bg-h kswr-icon-h\" style=\"background:#f26529;\"><\/div>\n\t\t\t\t\n\t\t\t<\/div><\/div><div class=\"kswr-ibi-title-ct\"><div class=\"kswr-ibi-title kswr-shortcode-element\" data-fontsettings=\"font-size:19px;letter-spacing:1px;\" style=\"font-size:19px;letter-spacing:1px; font-family:Inherit;font-weight:500; color:#333333;margin-top:0px;margin-left:0px;margin-right:0px;margin-bottom:10px;\"><\/div><div class=\"kswr-ibi-subtitle kswr-shortcode-element\" data-fontsettings=\"font-size:12px;\" style=\"font-size:12px; font-family:Inherit;font-weight:inherit; color:#999999;margin-top:0px;margin-left:0px;margin-right:0px;margin-bottom:0px;\"><\/div><\/div><div class=\"kswr-ibi-bottom\"><div class=\"kswr-ibi-content kswr-shortcode-element\" data-fontsettings=\"font-size:13px;\" style=\"font-size:13px; font-family:Inherit;font-weight:inherit; color:#777777;margin-top:0px;margin-left:0px;margin-right:0px;margin-bottom:0px;\"><\/p>\n<p style=\"text-align: center;\">Ra\u0161kovci, Stanari<strong><br \/>\n<\/strong><strong>Republika Srpska, BiH<\/strong><\/p>\n<p><\/div><\/div><\/div><\/div><\/div><div class=\"kswr-responsive-spacer\" data-desk=\"60px\" data-tablet=\"0px\" data-tablet-sm=\"0px\" data-phone=\"0px\" data-phone-sm=\"0px\" style=\"--spc-desk:60px;--spc-tablet:0px;--spc-tablet-sm:0px;--spc-phone:0px;--spc-phone-sm:0px;\"><\/div><\/div><\/div><\/div><div class=\"kswr-column-settings\" data-minheight=\"0px\" data-isminheight=\"off\" data-theclasses=\"kswr_pnone kswr_mnone kswr_bnone\"><\/div><div class=\"wpb_column vc_column_container vc_col-sm-4\"><div class=\"vc_column-inner\" ><div class=\"wpb_wrapper\"><div class=\"kswr-animationblock\" data-reanimation=\"false\" data-animation=\"fadeInUp\"  style=\"animation-duration: 1s; -webkit-animation-duration: 1s; animation-delay:0.6s; -webkit-animation-delay:0.6s;\"><div class=\"blockanimecont\"><div class=\"kswr-ibi-container kswr-icon-thatc kswr-theelement\"  data-layout=\"icontop\" data-icolayout=\"center\" data-hover=\"hiroshi\" ><div class=\"kswr-ibi-icon-ct\" style=\"margin-top:0px;margin-left:0px;margin-right:0px;margin-bottom:10px;\"><div class=\"kswr-icon-container kswr-icon-thatc kswr-icon-thatc-cM5RHW3G\" data-rotation=\"false\" data-hover=\"hiroshi\" style=\"width:85px; height: 85px; line-height:85px;  border-radius: 500px; --hover-bg:#f26529; \">\n\t\t\t\t<div class=\"kswr-icon-ic kswr-icon-ic-r kswr-icon-r\" style=\" font-size:28px;\"><i  style=\"color:#ffffff;background-clip: inherit;background-color: inherit; -webkit-text-fill-color:#ffffff;\" class=\"theme-fonts-Phone2\"><\/i><\/div>\n\t\t\t\t<div class=\"kswr-icon-ic kswr-icon-ic-h kswr-icon-h\" style=\"font-size:28px;\"><i style=\"color:#ffffff;background-clip: inherit;background-color: inherit; -webkit-text-fill-color:#ffffff;\" class=\"theme-fonts-Phone2\"><\/i><\/div>\n\t\t\t\t<div class=\"kswr-icon-bg kswr-icon-bg-r kswr-icon-r\" style=\"background:#2986e2;border:0px none transparent;border-width:0px;\"><\/div>\n\t\t\t\t<div class=\"kswr-icon-bg kswr-icon-bg-h kswr-icon-h\" style=\"background:#f26529;\"><\/div>\n\t\t\t\t\n\t\t\t<\/div><\/div><div class=\"kswr-ibi-title-ct\"><div class=\"kswr-ibi-title kswr-shortcode-element\" data-fontsettings=\"font-size:19px;letter-spacing:1px;\" style=\"font-size:19px;letter-spacing:1px; font-family:Inherit;font-weight:500; color:#333333;margin-top:0px;margin-left:0px;margin-right:0px;margin-bottom:10px;\"><\/div><div class=\"kswr-ibi-subtitle kswr-shortcode-element\" data-fontsettings=\"font-size:12px;\" style=\"font-size:12px; font-family:Inherit;font-weight:inherit; color:#999999;margin-top:0px;margin-left:0px;margin-right:0px;margin-bottom:0px;\"><\/div><\/div><div class=\"kswr-ibi-bottom\"><div class=\"kswr-ibi-content kswr-shortcode-element\" data-fontsettings=\"font-size:13px;\" style=\"font-size:13px; font-family:Inherit;font-weight:inherit; color:#777777;margin-top:0px;margin-left:0px;margin-right:0px;margin-bottom:0px;\"><\/p>\n<p style=\"text-align: center;\">+387 (0) 53 490-234<\/p>\n<p><\/div><\/div><\/div><\/div><\/div><div class=\"kswr-responsive-spacer\" data-desk=\"60px\" data-tablet=\"0px\" data-tablet-sm=\"0px\" data-phone=\"0px\" data-phone-sm=\"0px\" style=\"--spc-desk:60px;--spc-tablet:0px;--spc-tablet-sm:0px;--spc-phone:0px;--spc-phone-sm:0px;\"><\/div><\/div><\/div><\/div><div class=\"kswr-column-settings\" data-minheight=\"0px\" data-isminheight=\"off\" data-theclasses=\"kswr_pnone kswr_mnone kswr_bnone\"><\/div><div class=\"wpb_column vc_column_container vc_col-sm-4\"><div class=\"vc_column-inner\" ><div class=\"wpb_wrapper\"><div class=\"kswr-animationblock\" data-reanimation=\"false\" data-animation=\"fadeInUp\"  style=\"animation-duration: 1s; -webkit-animation-duration: 1s; animation-delay:0.9s; -webkit-animation-delay:0.9s;\"><div class=\"blockanimecont\"><div class=\"kswr-ibi-container kswr-icon-thatc kswr-theelement\"  data-layout=\"icontop\" data-icolayout=\"center\" data-hover=\"hiroshi\" ><div class=\"kswr-ibi-icon-ct\" style=\"margin-top:0px;margin-left:0px;margin-right:0px;margin-bottom:10px;\"><div class=\"kswr-icon-container kswr-icon-thatc kswr-icon-thatc-9Lmf3tWH\" data-rotation=\"false\" data-hover=\"hiroshi\" style=\"width:85px; height: 85px; line-height:85px;  border-radius: 500px; --hover-bg:#f26529; \">\n\t\t\t\t<div class=\"kswr-icon-ic kswr-icon-ic-r kswr-icon-r\" style=\" font-size:28px;\"><i  style=\"color:#ffffff;background-clip: inherit;background-color: inherit; -webkit-text-fill-color:#ffffff;\" class=\"km-icon-envelope2\"><\/i><\/div>\n\t\t\t\t<div class=\"kswr-icon-ic kswr-icon-ic-h kswr-icon-h\" style=\"font-size:28px;\"><i style=\"color:#ffffff;background-clip: inherit;background-color: inherit; -webkit-text-fill-color:#ffffff;\" class=\"km-icon-envelope2\"><\/i><\/div>\n\t\t\t\t<div class=\"kswr-icon-bg kswr-icon-bg-r kswr-icon-r\" style=\"background:#2986e2;border:0px none transparent;border-width:0px;\"><\/div>\n\t\t\t\t<div class=\"kswr-icon-bg kswr-icon-bg-h kswr-icon-h\" style=\"background:#f26529;\"><\/div>\n\t\t\t\t\n\t\t\t<\/div><\/div><div class=\"kswr-ibi-title-ct\"><div class=\"kswr-ibi-title kswr-shortcode-element\" data-fontsettings=\"font-size:19px;letter-spacing:1px;\" style=\"font-size:19px;letter-spacing:1px; font-family:Inherit;font-weight:500; color:#333333;margin-top:0px;margin-left:0px;margin-right:0px;margin-bottom:10px;\"><\/div><div class=\"kswr-ibi-subtitle kswr-shortcode-element\" data-fontsettings=\"font-size:12px;\" style=\"font-size:12px; font-family:Inherit;font-weight:inherit; color:#999999;margin-top:0px;margin-left:0px;margin-right:0px;margin-bottom:0px;\"><\/div><\/div><div class=\"kswr-ibi-bottom\"><div class=\"kswr-ibi-content kswr-shortcode-element\" data-fontsettings=\"font-size:13px;\" style=\"font-size:13px; font-family:Inherit;font-weight:inherit; color:#777777;margin-top:0px;margin-left:0px;margin-right:0px;margin-bottom:0px;\"><\/p>\n<p style=\"text-align: center;\">domzdravljastanari@gmail.com<\/p>\n<p><\/div><\/div><\/div><\/div><\/div><div class=\"kswr-responsive-spacer\" data-desk=\"60px\" data-tablet=\"0px\" data-tablet-sm=\"0px\" data-phone=\"0px\" data-phone-sm=\"0px\" style=\"--spc-desk:60px;--spc-tablet:0px;--spc-tablet-sm:0px;--spc-phone:0px;--spc-phone-sm:0px;\"><\/div><\/div><\/div><\/div><div class=\"kswr-column-settings\" data-minheight=\"0px\" data-isminheight=\"off\" data-theclasses=\"kswr_pnone kswr_mnone kswr_bnone\"><\/div><\/div><div class=\"vc_row-full-width vc_clearfix\"><\/div><div class=\"kswr-row-element-back\" data-classes=\"kswr_pnone kswr_mnone kswr_bnone\"><\/div><div class=\"vc_row wpb_row vc_row-fluid pix-vc_row-no-padding pix-row-overlay\"><div class=\"wpb_column vc_column_container vc_col-sm-12\"><div class=\"vc_column-inner\" ><div class=\"wpb_wrapper\"><div class=\"wpb_gmaps_widget wpb_content_element wpb_animate_when_almost_visible wpb_fadeIn fadeIn\"><div class=\"wpb_wrapper\"><div class=\"wpb_map_wraper\"><iframe src=\"https:\/\/www.google.com\/maps\/embed?pb=!1m18!1m12!1m3!1d177.07821367801546!2d17.829877534876285!3d44.755286992279274!2m3!1f0!2f0!3f0!3m2!1i1024!2i768!4f13.1!3m3!1m2!1s0x475e79220d4e8611%3A0x411df38ef5271531!2sDom%20zdravlja%20Stanari!5e0!3m2!1sen!2sba!4v1703708803505!5m2!1sen!2sba\" width=\"600\" height=\"450\" style=\"border:0;\" allowfullscreen=\"\" loading=\"lazy\" referrerpolicy=\"no-referrer-when-downgrade\"><\/iframe><\/div><\/div><\/div><\/div><\/div><\/div><div class=\"kswr-column-settings\" data-minheight=\"0px\" data-isminheight=\"off\" data-theclasses=\"kswr_pnone kswr_mnone kswr_bnone\"><\/div><\/div><div class=\"kswr-row-element-back\" data-classes=\"kswr_pnone kswr_mnone kswr_bnone\"><\/div>\n<\/div>","protected":false},"excerpt":{"rendered":"Po\u0161aljite Molimo vas ispunite formu ispod IME I PREZIME EMAIL PREDMET TELEFON PORUKA PO\u0160ALJI PO\u0160ALJI &#916; Ra\u0161kovci, Stanari Republika Srpska, BiH +387 (0) 53 490-234 domzdravljastanari@gmail.com","protected":false},"author":1,"featured_media":0,"parent":0,"menu_order":0,"comment_status":"closed","ping_status":"closed","template":"","meta":{"footnotes":""},"class_list":["post-1712","page","type-page","status-publish","hentry"],"_links":{"self":[{"href":"https:\/\/domzdravljastanari.com\/en\/wp-json\/wp\/v2\/pages\/1712","targetHints":{"allow":["GET"]}}],"collection":[{"href":"https:\/\/domzdravljastanari.com\/en\/wp-json\/wp\/v2\/pages"}],"about":[{"href":"https:\/\/domzdravljastanari.com\/en\/wp-json\/wp\/v2\/types\/page"}],"author":[{"embeddable":true,"href":"https:\/\/domzdravljastanari.com\/en\/wp-json\/wp\/v2\/users\/1"}],"replies":[{"embeddable":true,"href":"https:\/\/domzdravljastanari.com\/en\/wp-json\/wp\/v2\/comments?post=1712"}],"version-history":[{"count":18,"href":"https:\/\/domzdravljastanari.com\/en\/wp-json\/wp\/v2\/pages\/1712\/revisions"}],"predecessor-version":[{"id":17359,"href":"https:\/\/domzdravljastanari.com\/en\/wp-json\/wp\/v2\/pages\/1712\/revisions\/17359"}],"wp:attachment":[{"href":"https:\/\/domzdravljastanari.com\/en\/wp-json\/wp\/v2\/media?parent=1712"}],"curies":[{"name":"wp","href":"https:\/\/api.w.org\/{rel}","templated":true}]}}