{"id":16985,"date":"2020-02-11T11:34:05","date_gmt":"2020-02-11T11:34:05","guid":{"rendered":"https:\/\/domzdravljastanari.com\/?page_id=16985"},"modified":"2025-03-05T19:59:41","modified_gmt":"2025-03-05T19:59:41","slug":"sluzba-hitne-pomoci","status":"publish","type":"page","link":"https:\/\/domzdravljastanari.com\/en\/sluzba-hitne-pomoci\/","title":{"rendered":"Emergency service"},"content":{"rendered":"<div class=\"wpb-content-wrapper\"><div class=\"vc_row wpb_row vc_row-fluid pix-vc_row-no-padding pix-row-overlay\"><div class=\"wpb_column vc_column_container vc_col-sm-12\"><div class=\"vc_column-inner\" ><div class=\"wpb_wrapper\"><div class=\"vc_empty_space\"   style=\"height: 25px\"><span class=\"vc_empty_space_inner\"><\/span><\/div><h1 style=\"text-align: center;font-family:Montserrat;font-weight:700;font-style:normal\" class=\"vc_custom_heading\" >Emergency service<\/h1><div class=\"vc_empty_space\"   style=\"height: 25px\"><span class=\"vc_empty_space_inner\"><\/span><\/div><\/div><\/div><\/div><div class=\"kswr-column-settings\" data-minheight=\"0px\" data-isminheight=\"off\" data-theclasses=\"kswr_pnone kswr_mnone kswr_bnone\"><\/div><\/div><div class=\"kswr-row-element-back\" data-classes=\"kswr_pnone kswr_mnone kswr_bnone\"><\/div><div class=\"vc_row wpb_row vc_row-fluid pix-vc_row-no-padding pix-row-overlay\"><div class=\"wpb_column vc_column_container vc_col-sm-12\"><div class=\"vc_column-inner\" ><div class=\"wpb_wrapper\">\n\t<div class=\"wpb_text_column wpb_content_element\" >\n\t\t<div class=\"wpb_wrapper\">\n\t\t\t<p>Slu\u017eba hitne medicinske pomo\u0107i po\u010dela je sa radom 01.07.2018. godine u Domu zdravlja Stanari. Slu\u017eba pru\u017ea usluge za oko 8 200 stanovnika op\u0161tine Stanari. Rad u SHMP (Slu\u017eba hitne medicinske pomo\u0107i) je organizovana od 00-24h tokom cijele godine. Pozivi su na broj 124 ili 053\/490-235.<\/p>\n<ul>\n<li>The primary job of the SHMP includes receiving calls, going to the field in the shortest period of time, stabilizing the patient's condition and transporting him according to indications to the SHMP or the nearest hospital.<\/li>\n<li>Ukazivanje hitne medicinske pomo\u0107i u prostorijama Slu\u017ebe hitne medicinske pomo\u0107i.<\/li>\n<li>Transport povrije\u0111enih\/oboljelih u ustanovu sekundarnog nivoa.<\/li>\n<li>Transport povrije\u0111enog\/oboljelog po nalogu porodi\u010dnog ljekara u druge medicinske centre.<\/li>\n<li>Pregled povrije\u0111enih\/oboljelih u vrijeme kada ne radi Slu\u017eba porodi\u010dne medicine Doma zdravlja.<\/li>\n<li>Sanitetsko obezbje\u0111enje javnih skupova i manifestacija.<\/li>\n<li>Prevoz nepokretnih i ograni\u010deno pokretnih pacijenata na redovne kontrole u ustanove primarnog i sekundarnog nivoa po nalogu porodi\u010dnog ljekara<\/li>\n<\/ul>\n\n\t\t<\/div>\n\t<\/div>\n<div class=\"vc_empty_space\"   style=\"height: 25px\"><span class=\"vc_empty_space_inner\"><\/span><\/div><\/div><\/div><\/div><div class=\"kswr-column-settings\" data-minheight=\"0px\" data-isminheight=\"off\" data-theclasses=\"kswr_pnone kswr_mnone kswr_bnone\"><\/div><\/div><div class=\"kswr-row-element-back\" data-classes=\"kswr_pnone kswr_mnone kswr_bnone\"><\/div><div data-vc-full-width=\"true\" data-vc-full-width-init=\"false\" data-vc-stretch-content=\"true\" class=\"vc_row wpb_row vc_row-fluid pix-vc_row-no-padding pix-row-overlay\"><div class=\"wpb_column vc_column_container vc_col-sm-2\"><div class=\"vc_column-inner\" ><div class=\"wpb_wrapper\"><\/div><\/div><\/div><div class=\"kswr-column-settings\" data-minheight=\"0px\" data-isminheight=\"off\" data-theclasses=\"kswr_pnone kswr_mnone kswr_bnone\"><\/div><div class=\"wpb_column vc_column_container vc_col-sm-8\"><div class=\"vc_column-inner\" ><div class=\"wpb_wrapper\"><div class=\"wpb_gallery wpb_content_element vc_clearfix\" ><div class=\"wpb_wrapper\"><div class=\"wpb_gallery_slides wpb_image_grid\" data-interval=\"3\"><ul class=\"wpb_image_grid_ul\"><li class=\"isotope-item\"><a class=\"\" href=\"https:\/\/domzdravljastanari.com\/wp-content\/uploads\/2025\/02\/259254.jpg\" data-lightbox=\"lightbox[rel-16985-4069675999]\"><img decoding=\"async\" class=\"\" src=\"https:\/\/domzdravljastanari.com\/wp-content\/uploads\/2025\/02\/259254-215x200.jpg\" width=\"215\" height=\"200\" alt=\"259254\" title=\"259254\" loading=\"lazy\" \/><\/a><\/li><li class=\"isotope-item\"><a class=\"\" href=\"https:\/\/domzdravljastanari.com\/wp-content\/uploads\/2020\/02\/slike-hitna1-1.jpg\" data-lightbox=\"lightbox[rel-16985-4069675999]\"><img decoding=\"async\" class=\"\" src=\"https:\/\/domzdravljastanari.com\/wp-content\/uploads\/2020\/02\/slike-hitna1-1-215x200.jpg\" width=\"215\" height=\"200\" alt=\"slike-hitna1\" title=\"slike-hitna1\" loading=\"lazy\" \/><\/a><\/li><li class=\"isotope-item\"><a class=\"\" href=\"https:\/\/domzdravljastanari.com\/wp-content\/uploads\/2022\/06\/20220621_081005-1024x518.jpg\" data-lightbox=\"lightbox[rel-16985-4069675999]\"><img decoding=\"async\" class=\"\" src=\"https:\/\/domzdravljastanari.com\/wp-content\/uploads\/2022\/06\/20220621_081005-scaled-215x200.jpg\" width=\"215\" height=\"200\" alt=\"20220621_081005\" title=\"20220621_081005\" loading=\"lazy\" \/><\/a><\/li><\/ul><\/div><\/div><\/div><\/div><\/div><\/div><div class=\"kswr-column-settings\" data-minheight=\"0px\" data-isminheight=\"off\" data-theclasses=\"kswr_pnone kswr_mnone kswr_bnone\"><\/div><div class=\"wpb_column vc_column_container vc_col-sm-2\"><div class=\"vc_column-inner\" ><div class=\"wpb_wrapper\"><\/div><\/div><\/div><div class=\"kswr-column-settings\" data-minheight=\"0px\" data-isminheight=\"off\" data-theclasses=\"kswr_pnone kswr_mnone kswr_bnone\"><\/div><\/div><div class=\"vc_row-full-width vc_clearfix\"><\/div><div class=\"kswr-row-element-back\" data-classes=\"kswr_pnone kswr_mnone kswr_bnone\"><\/div>\n<\/div>","protected":false},"excerpt":{"rendered":"Slu\u017eba hitne pomo\u0107i Slu\u017eba hitne medicinske pomo\u0107i po\u010dela je sa radom 01.07.2018. godine u Domu zdravlja Stanari. Slu\u017eba pru\u017ea usluge za oko 8 200 stanovnika op\u0161tine Stanari. Rad u SHMP [...]","protected":false},"author":1,"featured_media":0,"parent":0,"menu_order":0,"comment_status":"closed","ping_status":"closed","template":"","meta":{"footnotes":""},"class_list":["post-16985","page","type-page","status-publish","hentry"],"_links":{"self":[{"href":"https:\/\/domzdravljastanari.com\/en\/wp-json\/wp\/v2\/pages\/16985","targetHints":{"allow":["GET"]}}],"collection":[{"href":"https:\/\/domzdravljastanari.com\/en\/wp-json\/wp\/v2\/pages"}],"about":[{"href":"https:\/\/domzdravljastanari.com\/en\/wp-json\/wp\/v2\/types\/page"}],"author":[{"embeddable":true,"href":"https:\/\/domzdravljastanari.com\/en\/wp-json\/wp\/v2\/users\/1"}],"replies":[{"embeddable":true,"href":"https:\/\/domzdravljastanari.com\/en\/wp-json\/wp\/v2\/comments?post=16985"}],"version-history":[{"count":11,"href":"https:\/\/domzdravljastanari.com\/en\/wp-json\/wp\/v2\/pages\/16985\/revisions"}],"predecessor-version":[{"id":17487,"href":"https:\/\/domzdravljastanari.com\/en\/wp-json\/wp\/v2\/pages\/16985\/revisions\/17487"}],"wp:attachment":[{"href":"https:\/\/domzdravljastanari.com\/en\/wp-json\/wp\/v2\/media?parent=16985"}],"curies":[{"name":"wp","href":"https:\/\/api.w.org\/{rel}","templated":true}]}}