{"id":16971,"date":"2020-02-11T11:24:34","date_gmt":"2020-02-11T11:24:34","guid":{"rendered":"https:\/\/domzdravljastanari.com\/?page_id=16971"},"modified":"2020-02-11T11:27:35","modified_gmt":"2020-02-11T11:27:35","slug":"sluzba-laboratorijske-dijagnostike","status":"publish","type":"page","link":"https:\/\/domzdravljastanari.com\/en\/sluzba-laboratorijske-dijagnostike\/","title":{"rendered":"Laboratory diagnostics service"},"content":{"rendered":"<div class=\"wpb-content-wrapper\"><div class=\"vc_row wpb_row vc_row-fluid pix-vc_row-no-padding pix-row-overlay\"><div class=\"wpb_column vc_column_container vc_col-sm-12\"><div class=\"vc_column-inner\" ><div class=\"wpb_wrapper\"><div class=\"vc_empty_space\"   style=\"height: 25px\"><span class=\"vc_empty_space_inner\"><\/span><\/div><h1 style=\"text-align: center;font-family:Montserrat;font-weight:700;font-style:normal\" class=\"vc_custom_heading\" >Laboratory diagnostics service<\/h1><div class=\"vc_empty_space\"   style=\"height: 25px\"><span class=\"vc_empty_space_inner\"><\/span><\/div><\/div><\/div><\/div><div class=\"kswr-column-settings\" data-minheight=\"0px\" data-isminheight=\"off\" data-theclasses=\"kswr_pnone kswr_mnone kswr_bnone\"><\/div><\/div><div class=\"kswr-row-element-back\" data-classes=\"kswr_pnone kswr_mnone kswr_bnone\"><\/div><div class=\"vc_row wpb_row vc_row-fluid pix-vc_row-no-padding pix-row-overlay\"><div class=\"wpb_column vc_column_container vc_col-sm-12\"><div class=\"vc_column-inner\" ><div class=\"wpb_wrapper\">\n\t<div class=\"wpb_text_column wpb_content_element\" >\n\t\t<div class=\"wpb_wrapper\">\n\t\t\t<p>U Slu\u017ebi laboratorijske dijagnostike trenutno je zaposlen laborant Borka Mari\u0107 i laborant Brankica Kuki\u0107.<\/p>\n<p>_______________<\/p>\n<table border=\"0\" width=\"24%\" cellspacing=\"5\" cellpadding=\"5\">\n<tbody>\n<tr>\n<td width=\"45%\" height=\"20\">Telefon<\/td>\n<td width=\"55%\" height=\"20\">053\/490-234<\/td>\n<\/tr>\n<tr>\n<td height=\"20\">Lokal<\/td>\n<td height=\"20\">110<\/td>\n<\/tr>\n<\/tbody>\n<\/table>\n\n\t\t<\/div>\n\t<\/div>\n<\/div><\/div><\/div><div class=\"kswr-column-settings\" data-minheight=\"0px\" data-isminheight=\"off\" data-theclasses=\"kswr_pnone kswr_mnone kswr_bnone\"><\/div><\/div><div class=\"kswr-row-element-back\" data-classes=\"kswr_pnone kswr_mnone kswr_bnone\"><\/div>\n<\/div>","protected":false},"excerpt":{"rendered":"Slu\u017eba laboratorijske dijagnostike U Slu\u017ebi laboratorijske dijagnostike trenutno je zaposlen laborant Borka Mari\u0107 i laborant Brankica Kuki\u0107. _______________ Telefon 053\/490-234 Lokal 110","protected":false},"author":1,"featured_media":0,"parent":0,"menu_order":0,"comment_status":"closed","ping_status":"closed","template":"","meta":{"footnotes":""},"class_list":["post-16971","page","type-page","status-publish","hentry"],"_links":{"self":[{"href":"https:\/\/domzdravljastanari.com\/en\/wp-json\/wp\/v2\/pages\/16971","targetHints":{"allow":["GET"]}}],"collection":[{"href":"https:\/\/domzdravljastanari.com\/en\/wp-json\/wp\/v2\/pages"}],"about":[{"href":"https:\/\/domzdravljastanari.com\/en\/wp-json\/wp\/v2\/types\/page"}],"author":[{"embeddable":true,"href":"https:\/\/domzdravljastanari.com\/en\/wp-json\/wp\/v2\/users\/1"}],"replies":[{"embeddable":true,"href":"https:\/\/domzdravljastanari.com\/en\/wp-json\/wp\/v2\/comments?post=16971"}],"version-history":[{"count":2,"href":"https:\/\/domzdravljastanari.com\/en\/wp-json\/wp\/v2\/pages\/16971\/revisions"}],"predecessor-version":[{"id":16976,"href":"https:\/\/domzdravljastanari.com\/en\/wp-json\/wp\/v2\/pages\/16971\/revisions\/16976"}],"wp:attachment":[{"href":"https:\/\/domzdravljastanari.com\/en\/wp-json\/wp\/v2\/media?parent=16971"}],"curies":[{"name":"wp","href":"https:\/\/api.w.org\/{rel}","templated":true}]}}