{"id":16960,"date":"2020-02-11T10:59:25","date_gmt":"2020-02-11T10:59:25","guid":{"rendered":"https:\/\/domzdravljastanari.com\/?page_id=16960"},"modified":"2023-04-28T05:39:53","modified_gmt":"2023-04-28T05:39:53","slug":"glavna-sestra-doma-zdravlja","status":"publish","type":"page","link":"https:\/\/domzdravljastanari.com\/en\/glavna-sestra-doma-zdravlja\/","title":{"rendered":"Head nurse of the Health Center"},"content":{"rendered":"<div class=\"wpb-content-wrapper\"><div class=\"vc_row wpb_row vc_row-fluid pix-vc_row-no-padding pix-row-overlay\"><div class=\"wpb_column vc_column_container vc_col-sm-12\"><div class=\"vc_column-inner\" ><div class=\"wpb_wrapper\"><div class=\"vc_empty_space\"   style=\"height: 25px\"><span class=\"vc_empty_space_inner\"><\/span><\/div><h1 style=\"text-align: center;font-family:Montserrat;font-weight:700;font-style:normal\" class=\"vc_custom_heading\" >Head nurse of the Health Center<\/h1><div class=\"vc_empty_space\"   style=\"height: 25px\"><span class=\"vc_empty_space_inner\"><\/span><\/div><\/div><\/div><\/div><div class=\"kswr-column-settings\" data-minheight=\"0px\" data-isminheight=\"off\" data-theclasses=\"kswr_pnone kswr_mnone kswr_bnone\"><\/div><\/div><div class=\"kswr-row-element-back\" data-classes=\"kswr_pnone kswr_mnone kswr_bnone\"><\/div><div class=\"vc_row wpb_row vc_row-fluid pix-vc_row-no-padding pix-row-overlay\"><div class=\"wpb_column vc_column_container vc_col-sm-12\"><div class=\"vc_column-inner\" ><div class=\"wpb_wrapper\">\n\t<div class=\"wpb_text_column wpb_content_element\" >\n\t\t<div class=\"wpb_wrapper\">\n\t\t\t<p style=\"text-align: center;\">Head nurse of the Health Center is Nata\u0161a Goji\u0107.<\/p>\n<p style=\"text-align: center;\">Glavna sestra u SHMP je Nata\u0161a Bjeli\u010di\u0107.<\/p>\n\n\t\t<\/div>\n\t<\/div>\n<\/div><\/div><\/div><div class=\"kswr-column-settings\" data-minheight=\"0px\" data-isminheight=\"off\" data-theclasses=\"kswr_pnone kswr_mnone kswr_bnone\"><\/div><\/div><div class=\"kswr-row-element-back\" data-classes=\"kswr_pnone kswr_mnone kswr_bnone\"><\/div>\n<\/div>","protected":false},"excerpt":{"rendered":"Glavna sestra Doma zdravlja Glavna sestra Doma zdravlja je Nata\u0161a Goji\u0107. Glavna sestra u SHMP je Nata\u0161a Bjeli\u010di\u0107.","protected":false},"author":1,"featured_media":0,"parent":0,"menu_order":0,"comment_status":"closed","ping_status":"closed","template":"","meta":{"footnotes":""},"class_list":["post-16960","page","type-page","status-publish","hentry"],"_links":{"self":[{"href":"https:\/\/domzdravljastanari.com\/en\/wp-json\/wp\/v2\/pages\/16960","targetHints":{"allow":["GET"]}}],"collection":[{"href":"https:\/\/domzdravljastanari.com\/en\/wp-json\/wp\/v2\/pages"}],"about":[{"href":"https:\/\/domzdravljastanari.com\/en\/wp-json\/wp\/v2\/types\/page"}],"author":[{"embeddable":true,"href":"https:\/\/domzdravljastanari.com\/en\/wp-json\/wp\/v2\/users\/1"}],"replies":[{"embeddable":true,"href":"https:\/\/domzdravljastanari.com\/en\/wp-json\/wp\/v2\/comments?post=16960"}],"version-history":[{"count":4,"href":"https:\/\/domzdravljastanari.com\/en\/wp-json\/wp\/v2\/pages\/16960\/revisions"}],"predecessor-version":[{"id":17169,"href":"https:\/\/domzdravljastanari.com\/en\/wp-json\/wp\/v2\/pages\/16960\/revisions\/17169"}],"wp:attachment":[{"href":"https:\/\/domzdravljastanari.com\/en\/wp-json\/wp\/v2\/media?parent=16960"}],"curies":[{"name":"wp","href":"https:\/\/api.w.org\/{rel}","templated":true}]}}