{"id":16943,"date":"2020-02-11T10:22:18","date_gmt":"2020-02-11T10:22:18","guid":{"rendered":"https:\/\/domzdravljastanari.com\/?page_id=16943"},"modified":"2020-02-11T10:22:38","modified_gmt":"2020-02-11T10:22:38","slug":"podzakonski-propisi","status":"publish","type":"page","link":"https:\/\/domzdravljastanari.com\/en\/podzakonski-propisi\/","title":{"rendered":"Bylaws"},"content":{"rendered":"<div class=\"wpb-content-wrapper\"><div class=\"vc_row wpb_row vc_row-fluid pix-vc_row-no-padding pix-row-overlay\"><div class=\"wpb_column vc_column_container vc_col-sm-12\"><div class=\"vc_column-inner\" ><div class=\"wpb_wrapper\"><div class=\"vc_empty_space\"   style=\"height: 25px\"><span class=\"vc_empty_space_inner\"><\/span><\/div><h1 style=\"text-align: center;font-family:Montserrat;font-weight:700;font-style:normal\" class=\"vc_custom_heading\" >Bylaws<\/h1><div class=\"vc_empty_space\"   style=\"height: 25px\"><span class=\"vc_empty_space_inner\"><\/span><\/div>\n\t<div class=\"wpb_text_column wpb_content_element\" >\n\t\t<div class=\"wpb_wrapper\">\n\t\t\t<ul>\n<li>Pravilnik o sadr\u017eaju, obimu i na\u010dinu ostvarivanja prava na zdravstvenu za\u0161titu\u00a0 (&#8220;Slu\u017ebeni glasnik RS&#8221;\u00bb<a href=\"https:\/\/www.zdravstvo-srpske.org\/files\/regulativa\/osig\/Pravilnik%20o%20son%20ostvarivanja%20prava%20na%20zz.PDF\" target=\"_blank\" rel=\"noopener noreferrer\">102\/11<\/a>,\u00a0<a href=\"https:\/\/www.zdravstvo-srpske.org\/files\/regulativa\/osig\/2011_117_2.pdf\" target=\"_blank\" rel=\"noopener noreferrer\">117\/11<\/a>,\u00a0<a href=\"https:\/\/www.zdravstvo-srpske.org\/files\/regulativa\/osig\/2011_128_01.PDF\" target=\"_blank\" rel=\"noopener noreferrer\">128\/11<\/a>,\u00a0<a href=\"https:\/\/www.zdravstvo-srpske.org\/files\/regulativa\/osig\/2012_101_05.PDF\" target=\"_blank\" rel=\"noopener noreferrer\">101\/12<\/a>,\u00a0<a href=\"https:\/\/www.zdravstvo-srpske.org\/files\/regulativa\/osig\/2016_028.pdf\" target=\"_blank\" rel=\"noopener noreferrer\">28\/16<\/a>,\u00a0<a href=\"https:\/\/www.zdravstvo-srpske.org\/files\/regulativa\/osig\/2016_083_pravil.pdf\" target=\"_blank\" rel=\"noopener noreferrer\">83\/16<\/a>,\u00a0<a href=\"https:\/\/www.zdravstvo-srpske.org\/files\/regulativa\/osig\/2017_109.pdf\" target=\"_blank\" rel=\"noopener noreferrer\">109\/17<\/a>,\u00a0<a href=\"https:\/\/www.zdravstvo-srpske.org\/files\/regulativa\/osig\/2017_115_pravilnik.pdf\" target=\"_blank\" rel=\"noopener noreferrer\">115\/17<\/a>).<\/li>\n<li>Pravilnik o kori\u0161\u0107enju zdravstvene za\u0161tite izvan Republike Srpske (&#8220;Slu\u017ebeni glasnik RS&#8221; <a href=\"https:\/\/www.zdravstvo-srpske.org\/files\/regulativa\/osig\/2011_PRAVILNIK_IZVAN_RS.pdf\" target=\"_blank\" rel=\"noopener noreferrer\">68\/11<\/a>,\u00a0<a href=\"https:\/\/www.zdravstvo-srpske.org\/files\/regulativa\/osig\/2012_72_01.PDF\" target=\"_blank\" rel=\"noopener noreferrer\">72\/12<\/a>,\u00a0<a href=\"https:\/\/www.zdravstvo-srpske.org\/files\/dokumenti\/2017_058_izvan_RS_.pdf\" target=\"_blank\" rel=\"noopener noreferrer\">58\/17<\/a>,\u00a0<a href=\"https:\/\/www.zdravstvo-srpske.org\/files\/regulativa\/osig\/2017_102-2.pdf\" target=\"_blank\" rel=\"noopener noreferrer\">102\/17<\/a>).<\/li>\n<li><a href=\"https:\/\/www.zdravstvo-srpske.org\/files\/obrasci\/2017_OBRAZAC_VAN_RS.pdf\" target=\"_blank\" rel=\"noopener noreferrer\">Obrazac zahtjeva i prijedloga za upu\u0107ivanje na lije\u010denje izvan RS<\/a><\/li>\n<li><a href=\"https:\/\/www.zdravstvo-srpske.org\/files\/obrasci\/2012_Obrazac_Ocjena_zdr_stanja.pdf\" target=\"_blank\" rel=\"noopener noreferrer\">Obrazac ocjene zdravstvenog stanja osiguranog lica<\/a><\/li>\n<li>Pravilnik o za\u0161titi prava osiguranih lica (Slu\u017ebeni glasnik RS <a href=\"https:\/\/www.zdravstvo-srpske.org\/files\/regulativa\/osig\/2011_026-03.PDF\" target=\"_blank\" rel=\"noopener noreferrer\">26\/11<\/a>,\u00a0<a href=\"https:\/\/www.zdravstvo-srpske.org\/files\/javne\/2014_021_02.pdf\" target=\"_blank\" rel=\"noopener noreferrer\">21\/14<\/a>)<\/li>\n<li>Pravilnik o pravu na medicinska sredstva ( &#8220;Slu\u017ebeni glasnik RS&#8221; <a href=\"https:\/\/www.zdravstvo-srpske.org\/files\/regulativa\/osig\/2012_114.pdf\" target=\"_blank\" rel=\"noopener noreferrer\">114\/12<\/a>,\u00a0<a href=\"https:\/\/www.zdravstvo-srpske.org\/files\/regulativa\/osig\/2014_059.pdf\" target=\"_blank\" rel=\"noopener noreferrer\">59\/14<\/a>,\u00a0<a href=\"https:\/\/www.zdravstvo-srpske.org\/files\/javne\/2014_094_01.pdf\" target=\"_blank\" rel=\"noopener noreferrer\">94\/14<\/a>,\u00a0<a href=\"https:\/\/www.zdravstvo-srpske.org\/files\/regulativa\/osig\/2014_100.pdf\" target=\"_blank\" rel=\"noopener noreferrer\">100\/14<\/a>,\u00a0<a href=\"https:\/\/www.zdravstvo-srpske.org\/files\/regulativa\/osig\/broj_061_25-26.pdf\" target=\"_blank\" rel=\"noopener noreferrer\">61\/16<\/a>,\u00a0<a href=\"https:\/\/www.zdravstvo-srpske.org\/files\/regulativa\/osig\/2017_007_3.pdf\" target=\"_blank\" rel=\"noopener noreferrer\">7\/17<\/a>). <a href=\"https:\/\/www.zdravstvo-srpske.org\/files\/regulativa\/osig\/Nalog_za_nabavku_popravku_medicinskih_sredstava.pdf\" target=\"_blank\" rel=\"noopener noreferrer\">Nalog za nabavku\/popravku medicinskog sredstva<\/a><\/li>\n<li>Pravilnik o uslovima i na\u010dinu ostvarivanja prava na produ\u017eenu medicinsku rehabilitaciju u specijalizovanim ustanovama za rehabilitaciju (&#8220;Slu\u017ebeni glasnik RS&#8221; <a href=\"https:\/\/www.zdravstvo-srpske.org\/files\/regulativa\/osig\/2010_063-2.pdf\" target=\"_blank\" rel=\"noopener noreferrer\">63\/10<\/a>,\u00a0<a href=\"https:\/\/www.zdravstvo-srpske.org\/files\/regulativa\/osig\/2014_059.pdf\" target=\"_blank\" rel=\"noopener noreferrer\">59\/14<\/a>)<\/li>\n<li>Uputstvo o primjeni Pravilnika o uslovima i na\u010dinu ostvarivanja prava na produ\u017eenu medicinsku rehabilitaciju u specijalizovanim ustanovama za rehabilitaciju (&#8220;Slu\u017ebeni glasnik RS&#8221; <a href=\"https:\/\/www.zdravstvo-srpske.org\/files\/regulativa\/osig\/2010_068.pdf\" target=\"_blank\" rel=\"noopener noreferrer\">68\/10<\/a>).<\/li>\n<li>Pravilnik o principima, uslovima i kriterijumima za zaklju\u010divanje ugovora sa davaocima zdravstvenih usluga u RS u 2018. godini ( Slu\u017ebeni glasnik RS <a href=\"https:\/\/www.zdravstvo-srpske.org\/files\/regulativa\/osig\/2017_102-1.pdf\" target=\"_blank\" rel=\"noopener noreferrer\">102\/17<\/a>)<\/li>\n<li>Pravilnik o ostvarivanju prava na naknadu plate za vrijeme privremene nesposobnosti za rad (&#8220;Slu\u017ebeni glasnik RS&#8221; <a href=\"https:\/\/www.zdravstvo-srpske.org\/files\/regulativa\/osig\/doc\/2008_06_12_5.pdf\" target=\"_blank\" rel=\"noopener noreferrer\">63\/08<\/a>,\u00a0<a href=\"https:\/\/www.zdravstvo-srpske.org\/files\/regulativa\/osig\/2010_038-4.pdf\" target=\"_blank\" rel=\"noopener noreferrer\">38\/10<\/a>,\u00a0<a href=\"https:\/\/www.zdravstvo-srpske.org\/files\/regulativa\/osig\/2011_061_01.PDF\" target=\"_blank\" rel=\"noopener noreferrer\">61\/11<\/a>,\u00a0<a href=\"https:\/\/www.zdravstvo-srpske.org\/files\/regulativa\/osig\/2012_087-2.PDF\" target=\"_blank\" rel=\"noopener noreferrer\">87\/12<\/a>,\u00a0<a href=\"https:\/\/www.zdravstvo-srpske.org\/files\/regulativa\/osig\/2014_100.pdf\" target=\"_blank\" rel=\"noopener noreferrer\">100\/14<\/a>,\u00a0<a href=\"https:\/\/www.zdravstvo-srpske.org\/files\/regulativa\/osig\/2015_004_.pdf\" target=\"_blank\" rel=\"noopener noreferrer\">4\/15<\/a>,\u00a0<a href=\"https:\/\/www.zdravstvo-srpske.org\/files\/regulativa\/osig\/2016_008_2.pdf\" target=\"_blank\" rel=\"noopener noreferrer\">08\/16<\/a>).<\/li>\n<li>Pravilnik o utvr\u0111ivanju svojstva osiguranog lica, mati\u010dnoj evidenciji i zdravstvenoj knji\u017eici (&#8220;Slu\u017ebeni glasnik RS&#8221; <a href=\"https:\/\/www.zdravstvo-srpske.org\/files\/regulativa\/osig\/Pravilnik%20o%20utvrdjivanjusvojstva%20os%20lica%20mat%20ev%20i%20z%20knj.PDF\" target=\"_blank\" rel=\"noopener noreferrer\">102\/11<\/a>,\u00a0<a href=\"https:\/\/www.zdravstvo-srpske.org\/files\/regulativa\/osig\/2012_040_2.pdf\" target=\"_blank\" rel=\"noopener noreferrer\">40\/12<\/a>,\u00a0<a href=\"https:\/\/www.zdravstvo-srpske.org\/files\/regulativa\/osig\/2012_56_02.pdf\" target=\"_blank\" rel=\"noopener noreferrer\">56\/12<\/a>,\u00a0<a href=\"https:\/\/www.zdravstvo-srpske.org\/files\/regulativa\/osig\/2013_072_02.pdf\" target=\"_blank\" rel=\"noopener noreferrer\">72\/13<\/a>,\u00a0<a href=\"https:\/\/www.zdravstvo-srpske.org\/files\/regulativa\/osig\/2015_086_1_2.pdf\" target=\"_blank\" rel=\"noopener noreferrer\">86\/15<\/a>)<\/li>\n<li>\u0421\u0430\u0434\u0440\u0436\u0438\u043d\u0430 \u0438 \u043e\u0431\u0438\u043c \u043f\u0440\u0435\u0432\u0435\u043d\u0442\u0438\u0432\u043d\u0438\u0445 \u043c\u0458\u0435\u0440\u0430 (\u00ab\u0421\u043b\u0443\u0436\u0431\u0435\u043d\u0438 \u0433\u043b\u0430\u0441\u043d\u0438\u043a \u0420\u0421\u00bb 102\/11). <a href=\"https:\/\/www.zdravstvo-srpske.org\/files\/regulativa\/osig\/2011_Sadrzaj_i_obim_prev_mjera.pdf\" target=\"_blank\" rel=\"noopener noreferrer\">Dokument<\/a><\/li>\n<li>Pravilnik o indikacijama i standardima materijala za dijalize koje se obezbje\u0111uju iz sredstava obaveznog zdravstvenog osiguranja (&#8220;Slu\u017ebeni glasnik RS&#8221; <a href=\"https:\/\/www.zdravstvo-srpske.org\/files\/regulativa\/osig\/2010_011-1.pdf\" target=\"_blank\" rel=\"noopener noreferrer\">11\/10<\/a>).<\/li>\n<li>Odluka o usvajanju Liste lijekova (&#8220;Slu\u017ebeni glasnik RS&#8221;\u00a0 <a href=\"https:\/\/www.zdravstvo-srpske.org\/files\/regulativa\/osig\/Odluka_Lista_lijekova_104_15.pdf\" target=\"_blank\" rel=\"noopener noreferrer\">104\/15<\/a>,\u00a0<a href=\"https:\/\/www.zdravstvo-srpske.org\/files\/regulativa\/osig\/Odluka_Lista_lijekova_ispravka_111_15.pdf\" target=\"_blank\" rel=\"noopener noreferrer\">111\/15<\/a>,\u00a0<a href=\"https:\/\/www.zdravstvo-srpske.org\/files\/regulativa\/osig\/2016_017_1.pdf\" target=\"_blank\" rel=\"noopener noreferrer\">17\/16<\/a>,\u00a0<a href=\"https:\/\/www.zdravstvo-srpske.org\/files\/regulativa\/osig\/2016_034_.pdf\" target=\"_blank\" rel=\"noopener noreferrer\">34\/16<\/a>,\u00a0<a href=\"https:\/\/www.zdravstvo-srpske.org\/files\/regulativa\/osig\/2016_083_01.pdf\" target=\"_blank\" rel=\"noopener noreferrer\">83\/16<\/a>,\u00a0<a href=\"https:\/\/www.zdravstvo-srpske.org\/files\/regulativa\/osig\/2016_100.pdf\" target=\"_blank\" rel=\"noopener noreferrer\">100\/16<\/a>,\u00a0<a href=\"https:\/\/www.zdravstvo-srpske.org\/files\/regulativa\/osig\/2016_102_.pdf\" target=\"_blank\" rel=\"noopener noreferrer\">102\/16<\/a>,\u00a0<a href=\"https:\/\/www.zdravstvo-srpske.org\/files\/regulativa\/osig\/2017_042.pdf\" target=\"_blank\" rel=\"noopener noreferrer\">42\/17<\/a>,\u00a0<a href=\"https:\/\/www.zdravstvo-srpske.org\/files\/regulativa\/osig\/2017_066.pdf\" target=\"_blank\" rel=\"noopener noreferrer\">66\/17<\/a>,\u00a0<a href=\"https:\/\/www.zdravstvo-srpske.org\/files\/regulativa\/osig\/2017_102-2.pdf\" target=\"_blank\" rel=\"noopener noreferrer\">102\/17<\/a>).<\/li>\n<li>Odluka o kriterijumima za stavljanje lijekova na Listu lijekova koji se izdaju na recept na teret Fonda zdravstvenog osiguranja Republike Srpske (&#8220;Slu\u017ebeni glasnik RS&#8221; <a href=\"https:\/\/www.zdravstvo-srpske.org\/files\/regulativa\/osig\/2010_002-2.pdf\" target=\"_blank\" rel=\"noopener noreferrer\">02\/10<\/a>).<\/li>\n<li>Odluka o usvajanju Bolni\u010dke liste lijekova, objavljenu u &#8220;Slu\u017ebenom glasniku Republike Srpske&#8221; broj: <a href=\"https:\/\/www.zdravstvo-srpske.org\/files\/regulativa\/osig\/2015SG65.pdf\" target=\"_blank\" rel=\"noopener noreferrer\">65\/15<\/a>,\u00a0<a href=\"https:\/\/www.zdravstvo-srpske.org\/files\/regulativa\/osig\/broj_061_25-26.pdf\" target=\"_blank\" rel=\"noopener noreferrer\">61\/16<\/a>).<\/li>\n<li>Odluka o usvajanju Liste lijekova sa posebnim na\u010dinom nabavke (finansiranja na teret FZO RS) (&#8220;Slu\u017ebeni glasnik RS&#8221; <a href=\"https:\/\/www.zdravstvo-srpske.org\/files\/regulativa\/osig\/2015_111_02.PDF\" target=\"_blank\" rel=\"noopener noreferrer\">111\/15<\/a>,\u00a0<a href=\"https:\/\/www.zdravstvo-srpske.org\/files\/regulativa\/osig\/2016_100_1.pdf\" target=\"_blank\" rel=\"noopener noreferrer\">100\/16<\/a>,\u00a0<a href=\"https:\/\/www.zdravstvo-srpske.org\/files\/regulativa\/osig\/2017_001_05.pdf\" target=\"_blank\" rel=\"noopener noreferrer\">01\/17<\/a>)<\/li>\n<li>Uputstvo o primjeni lijekova adalimumab, etanercept, infliksimab, golimumab, tocilizumab, vedolizumab i sekukinumab (&#8220;Slu\u017ebeni glasnik RS&#8221; , <a href=\"https:\/\/www.zdravstvo-srpske.org\/files\/regulativa\/osig\/2016_100_2.pdf\">100\/16<\/a>)<\/li>\n<li>Odluka o usvajanju liste citotoksi\u010dnih, biolo\u0161kih i prate\u0107ih lijekova Fonda zdravstvenog osiguranja Republike Srpske, objavljenu u &#8220;Slu\u017ebenom glasniku Republike Srpske&#8221;, broj: ( <a href=\"https:\/\/www.zdravstvo-srpske.org\/files\/regulativa\/osig\/2017_023_1.pdf\" target=\"_blank\" rel=\"noopener noreferrer\">23\/17<\/a>).<\/li>\n<li>Odluka o kriterijumima za stavljanje lijekova na Listu citotoksi\u010dnih, biolo\u0161kih i prate\u0107ih lijekova Fonda zdravstvenog osiguranja Republike Srpske (&#8220;Slu\u017ebeni glasnik RS&#8221; <a href=\"https:\/\/www.zdravstvo-srpske.org\/files\/regulativa\/osig\/2012_101_01.PDF\" target=\"_blank\" rel=\"noopener noreferrer\">101\/12<\/a>).<\/li>\n<li>Odluka o usvajanju Liste osnovnih lijekova za ambulante porodi\u010dne medicine i domove zdravlja, objavljeno u &#8220;Slu\u017ebenomi glasniku Republike Srpske&#8221;, broj: <a href=\"https:\/\/www.zdravstvo-srpske.org\/files\/regulativa\/osig\/10%20-%20Odluka%20-%20Lista%20za%20ambulante%20porodicne%20medicine%20i%20DZ.pdf\" target=\"_blank\" rel=\"noopener noreferrer\">49\/11<\/a>,\u00a0<a href=\"https:\/\/www.zdravstvo-srpske.org\/files\/regulativa\/osig\/2013_088_02.pdf\" target=\"_blank\" rel=\"noopener noreferrer\">88\/13<\/a>,\u00a0<a href=\"https:\/\/www.zdravstvo-srpske.org\/files\/regulativa\/osig\/2015_078_2.pdf\" target=\"_blank\" rel=\"noopener noreferrer\">78\/15<\/a>)\u00a0\u00a0.<\/li>\n<li>Odluka o participaciji (&#8220;Slu\u017ebeni glasnik RS&#8221; <a href=\"https:\/\/www.zdravstvo-srpske.org\/files\/regulativa\/osig\/broj_058_34-36.pdf\" target=\"_blank\" rel=\"noopener noreferrer\">58\/16<\/a>,\u00a0<a href=\"https:\/\/www.zdravstvo-srpske.org\/files\/regulativa\/osig\/2016_083_03.pdf\" target=\"_blank\" rel=\"noopener noreferrer\">83\/16<\/a>,\u00a0<a href=\"https:\/\/www.zdravstvo-srpske.org\/files\/regulativa\/osig\/2016_112_1.pdf\" target=\"_blank\" rel=\"noopener noreferrer\">112\/16<\/a>,\u00a0<a href=\"https:\/\/www.zdravstvo-srpske.org\/files\/regulativa\/osig\/2017_001_04.pdf\" target=\"_blank\" rel=\"noopener noreferrer\">01\/17<\/a>,\u00a0<a href=\"https:\/\/www.zdravstvo-srpske.org\/files\/regulativa\/osig\/2017_029_3.pdf\" target=\"_blank\" rel=\"noopener noreferrer\">29\/17<\/a>).<\/li>\n<li>Uputstvo o postupanju sa prijavom korupcije i obezbje\u0111enju za\u0161tite lica koja prijavljuju korupciju u FZO RS.\u00a0 <a href=\"https:\/\/www.zdravstvo-srpske.org\/files\/dokumenti\/Uputstvo_korupcija.pdf\" target=\"_blank\" rel=\"noopener noreferrer\">Dokument<\/a><\/li>\n<li>Uputstvo o primjeni Pravilnika o uslovima i na\u010dinu ostvarivanja prava na produ\u017eenu medicinsku rehabilitaciju u specijalizovanim ustanovama za rehabilitaciju (&#8220;Slu\u017ebeni glasnik RS&#8221; <a href=\"https:\/\/www.zdravstvo-srpske.org\/files\/regulativa\/osig\/2010_068.pdf\" target=\"_blank\" rel=\"noopener noreferrer\">68\/10<\/a>).<\/li>\n<li>Uputstvo o primjeni lijekova adalimumab, etanercept, infliksimab, golimumab, tocilizumab, vedolizumab i sekukinumab (&#8220;Slu\u017ebeni glasnik RS&#8221; <a href=\"https:\/\/www.zdravstvo-srpske.org\/files\/regulativa\/osig\/2017_109_1.pdf\" target=\"_blank\" rel=\"noopener noreferrer\">109\/17<\/a>)<\/li>\n<li>I Z J A V A \u00a0o pristanku primjene lijeka adalimumab, etanercept, infliksimab, golimumab, tocilizumab, vedolizumab ili sekukinumab. <a href=\"https:\/\/www.zdravstvo-srpske.org\/files\/obrasci\/Izjava_o_pristanku_primjene_lijeka_adalimumab.pdf\" target=\"_blank\" rel=\"noopener noreferrer\">Obrazac<\/a><\/li>\n<li>Z A H T J E V za odobravanje primjene (uvo\u0111enje u terapiju) lijekova \u00a0adalimumab, etanercept, infliksimab, golimumab, tocilizumab, vedolizumab i sekukinumab. <a href=\"https:\/\/www.zdravstvo-srpske.org\/files\/obrasci\/Zahtjev_za_odobravanje_primjene_uvodjenje.pdf\" target=\"_blank\" rel=\"noopener noreferrer\">Obrazac<\/a><\/li>\n<li>Pravila \u0161ifriranja. <a href=\"https:\/\/www.zdravstvo-srpske.org\/files\/dokumenti\/Pravila_za_sifriranje_u_pojedinim_sifarnicima_u_PIS-u_FZORS.pdf\" target=\"_blank\" rel=\"noopener noreferrer\">Dokument<\/a><\/li>\n<li>Uputstva o uslovima i postupku za odobravanje refundacije (&#8220;Slu\u017ebeni glasnik RS&#8221; <a href=\"https:\/\/www.zdravstvo-srpske.org\/files\/dokumenti\/Uputstvo_refundacija_2017.pdf\" target=\"_blank\" rel=\"noopener noreferrer\">55\/17<\/a>,\u00a0<a href=\"https:\/\/www.zdravstvo-srpske.org\/files\/regulativa\/osig\/2017_090_.pdf\" target=\"_blank\" rel=\"noopener noreferrer\">90\/17<\/a>,\u00a0<a href=\"https:\/\/www.zdravstvo-srpske.org\/files\/regulativa\/osig\/2017_111.pdf\" target=\"_blank\" rel=\"noopener noreferrer\">111\/17<\/a>)<\/li>\n<li>Vodi\u010d kroz nove propise (namijenjeno zdravstvenim ustanovama) <a href=\"https:\/\/www.zdravstvo-srpske.org\/files\/dokumenti\/Vodic_v3.pdf\" target=\"_blank\" rel=\"noopener noreferrer\">Dokument<\/a><\/li>\n<\/ul>\n\n\t\t<\/div>\n\t<\/div>\n<\/div><\/div><\/div><div class=\"kswr-column-settings\" data-minheight=\"0px\" data-isminheight=\"off\" data-theclasses=\"kswr_pnone kswr_mnone kswr_bnone\"><\/div><\/div><div class=\"kswr-row-element-back\" data-classes=\"kswr_pnone kswr_mnone kswr_bnone\"><\/div>\n<\/div>","protected":false},"excerpt":{"rendered":"Podzakonski propisi Pravilnik o sadr\u017eaju, obimu i na\u010dinu ostvarivanja prava na zdravstvenu za\u0161titu\u00a0 (\"Slu\u017ebeni glasnik RS\"\u00bb102\/11,\u00a0117\/11,\u00a0128\/11,\u00a0101\/12,\u00a028\/16,\u00a083\/16,\u00a0109\/17,\u00a0115\/17). Pravilnik o kori\u0161\u0107enju zdravstvene za\u0161tite izvan Republike Srpske (\"Slu\u017ebeni glasnik RS\" 68\/11,\u00a072\/12,\u00a058\/17,\u00a0102\/17). Obrazac zahtjeva [...]","protected":false},"author":1,"featured_media":0,"parent":0,"menu_order":0,"comment_status":"closed","ping_status":"closed","template":"","meta":{"footnotes":""},"class_list":["post-16943","page","type-page","status-publish","hentry"],"_links":{"self":[{"href":"https:\/\/domzdravljastanari.com\/en\/wp-json\/wp\/v2\/pages\/16943","targetHints":{"allow":["GET"]}}],"collection":[{"href":"https:\/\/domzdravljastanari.com\/en\/wp-json\/wp\/v2\/pages"}],"about":[{"href":"https:\/\/domzdravljastanari.com\/en\/wp-json\/wp\/v2\/types\/page"}],"author":[{"embeddable":true,"href":"https:\/\/domzdravljastanari.com\/en\/wp-json\/wp\/v2\/users\/1"}],"replies":[{"embeddable":true,"href":"https:\/\/domzdravljastanari.com\/en\/wp-json\/wp\/v2\/comments?post=16943"}],"version-history":[{"count":1,"href":"https:\/\/domzdravljastanari.com\/en\/wp-json\/wp\/v2\/pages\/16943\/revisions"}],"predecessor-version":[{"id":16944,"href":"https:\/\/domzdravljastanari.com\/en\/wp-json\/wp\/v2\/pages\/16943\/revisions\/16944"}],"wp:attachment":[{"href":"https:\/\/domzdravljastanari.com\/en\/wp-json\/wp\/v2\/media?parent=16943"}],"curies":[{"name":"wp","href":"https:\/\/api.w.org\/{rel}","templated":true}]}}