{"id":15043,"date":"2018-07-15T11:58:55","date_gmt":"2018-07-15T11:58:55","guid":{"rendered":"http:\/\/health.templines.org\/?page_id=15043"},"modified":"2020-02-11T09:53:38","modified_gmt":"2020-02-11T09:53:38","slug":"about1-2","status":"publish","type":"page","link":"https:\/\/domzdravljastanari.com\/en\/about1-2\/","title":{"rendered":"O nama"},"content":{"rendered":"<div class=\"wpb-content-wrapper\"><section class=\"vc_section\"><div class=\"vc_row wpb_row vc_row-fluid pix-vc_row-no-padding pix-row-overlay\"><div class=\"wpb_column vc_column_container vc_col-sm-12 vc_col-lg-5 vc_col-md-12 vc_col-xs-12\"><div class=\"vc_column-inner\" ><div class=\"wpb_wrapper\"><div class=\"kswr-heading-container kswr-theelement\" style=\"text-align:left;\">\n\t\t\t\t<div class=\"kswr-heading-title kswr-shortcode-element  tmpl-title-font\" data-fontsettings=\"font-size:40px;line-height:1.4;\" style=\"font-size:40px;line-height:1.4; font-weight:300; margin-top:0px;margin-bottom:0px;color:#353535;background-clip: inherit;background-color: inherit; -webkit-text-fill-color:#353535;\">Nudimo<\/div>\n\t\t\t\t<div class=\"kswr-heading-content kswr-shortcode-element  tmpl-title-font\" data-fontsettings=\"font-size:46px;line-height:1.5;\" style=\"font-size:46px;line-height:1.5; font-weight:700; margin-top:0px;margin-bottom:0px;color:#353535;\">Brzu i pouzdanu<\/div>\n\t\t\t<\/div><div class=\"kswr-heading-container kswr-theelement\" style=\"text-align:left;\">\n\t\t\t\t<div class=\"kswr-heading-title kswr-shortcode-element  tmpl-title-font\" data-fontsettings=\"font-size:40px;line-height:1.2;\" style=\"font-size:40px;line-height:1.2; font-weight:300; margin-top:0px;margin-bottom:0px;color:#353535;background-clip: inherit;background-color: inherit; -webkit-text-fill-color:#353535;\"><\/div>\n\t\t\t\t<div class=\"kswr-heading-content kswr-shortcode-element  tmpl-title-font\" data-fontsettings=\"font-size:40px;line-height:1.3;\" style=\"font-size:40px;line-height:1.3; font-weight:500; margin-top:0px;margin-bottom:0px;color:#f26528;\">Medicinsku i zdravstvenu<br \/>\nnjegu na\u0161ih pacijeata<\/div>\n\t\t\t<\/div><div class=\"kswr-responsive-spacer\" data-desk=\"25px\" data-tablet=\"25px\" data-tablet-sm=\"25px\" data-phone=\"25px\" data-phone-sm=\"25px\" style=\"--spc-desk:25px;--spc-tablet:25px;--spc-tablet-sm:25px;--spc-phone:25px;--spc-phone-sm:25px;\"><\/div><div class=\"kswr-heading-container kswr-theelement\" style=\"text-align:left;\">\n\t\t\t\t<div class=\"kswr-heading-title kswr-shortcode-element  tmpl-title-font\" data-fontsettings=\"font-size:40px;line-height:1.4;\" style=\"font-size:40px;line-height:1.4; font-weight:300; margin-top:0px;margin-bottom:0px;color:#353535;background-clip: inherit;background-color: inherit; -webkit-text-fill-color:#353535;\"><\/div>\n\t\t\t\t<div class=\"kswr-heading-content kswr-shortcode-element\" data-fontsettings=\"font-size:14px;line-height:1.5;\" style=\"font-size:14px;line-height:1.5; font-family:Lato;font-weight:300; margin-top:0px;margin-bottom:0px;color:#777777;\">Javna zdravstvena ustanova Dom zdravlja Stanari je javna zdravstvena ustanova u dr\u017eavnoj svojini, od op\u0161teg interesa, za pru\u017eanje primarne zdravstvene za\u0161tite stanovni\u0161tvu op\u0161tine Stanari, po modelu porodi\u010dne medicine, osnovane za podru\u010dje op\u0161tine Stanari Odlukom o osnivanju Javne zdravstvene ustanove Dom zdravlja Stanari (Slu\u017ebeni glasnik op\u0161tine Stanari broj 4\/15 i 1\/16).<\/div>\n\t\t\t<\/div><div class=\"kswr-responsive-spacer\" data-desk=\"35px\" data-tablet=\"35px\" data-tablet-sm=\"35px\" data-phone=\"35px\" data-phone-sm=\"35px\" style=\"--spc-desk:35px;--spc-tablet:35px;--spc-tablet-sm:35px;--spc-phone:35px;--spc-phone-sm:35px;\"><\/div><div class=\"km-line-sep-container\" style=\"height:1px; margin-top:0px;margin-bottom:0px;margin-left:0px;margin-right:0px; text-align:center;\" data-style=\"none\">\n\t\t\t\t<div class=\"km-line-sep-insider\" style=\"    float: left;margin-left: 50%;transform: translateX(-50%);width:100%; height:1px; text-align:center;\">\n\t\t\t\t\t<div class=\"km-line-sep-fill\" style=\"background-color:#eeeeee;\"><\/div>\n\t\t\t\t<\/div>\n\t\t\t<\/div><div class=\"kswr-responsive-spacer\" data-desk=\"25px\" data-tablet=\"25px\" data-tablet-sm=\"25px\" data-phone=\"22px\" data-phone-sm=\"25px\" style=\"--spc-desk:25px;--spc-tablet:25px;--spc-tablet-sm:25px;--spc-phone:22px;--spc-phone-sm:25px;\"><\/div><\/div><\/div><\/div><div class=\"kswr-column-settings\" data-minheight=\"0px\" data-isminheight=\"off\" data-theclasses=\"kswr_pnone kswr_mnone kswr_bnone\"><\/div><div class=\"wpb_column vc_column_container vc_col-sm-12 vc_col-lg-7 vc_col-md-12 vc_hidden-md vc_hidden-sm vc_col-xs-12 vc_hidden-xs\"><div class=\"vc_column-inner\" ><div class=\"wpb_wrapper\">\n\t<div  class=\"wpb_single_image wpb_content_element vc_align_left\">\n\t\t\n\t\t<figure class=\"wpb_wrapper vc_figure\">\n\t\t\t<div class=\"vc_single_image-wrapper   vc_box_border_grey\"><img loading=\"lazy\" decoding=\"async\" width=\"670\" height=\"375\" src=\"https:\/\/domzdravljastanari.com\/wp-content\/uploads\/2020\/02\/about1.jpg\" class=\"vc_single_image-img attachment-full\" alt=\"\" title=\"about1\" srcset=\"https:\/\/domzdravljastanari.com\/wp-content\/uploads\/2020\/02\/about1.jpg 670w, https:\/\/domzdravljastanari.com\/wp-content\/uploads\/2020\/02\/about1-300x168.jpg 300w, https:\/\/domzdravljastanari.com\/wp-content\/uploads\/2020\/02\/about1-70x39.jpg 70w, https:\/\/domzdravljastanari.com\/wp-content\/uploads\/2020\/02\/about1-620x347.jpg 620w\" sizes=\"auto, (max-width: 670px) 100vw, 670px\" \/><\/div>\n\t\t<\/figure>\n\t<\/div>\n<\/div><\/div><\/div><div class=\"kswr-column-settings\" data-minheight=\"0px\" data-isminheight=\"off\" data-theclasses=\"kswr_pnone kswr_mnone kswr_bnone\"><\/div><\/div><div class=\"kswr-row-element-back\" data-classes=\"kswr_pnone kswr_mnone kswr_bnone\"><\/div><\/section><div class=\"vc_row wpb_row vc_row-fluid pix-vc_row-no-padding pix-row-overlay\"><div class=\"wpb_column vc_column_container vc_col-sm-5\"><div class=\"vc_column-inner\" ><div class=\"wpb_wrapper\"><div class=\"kswr-heading-container kswr-theelement\" style=\"text-align:left;\">\n\t\t\t\t<div class=\"kswr-heading-title kswr-shortcode-element  tmpl-title-font\" data-fontsettings=\"font-size:40px;line-height:1.4;\" style=\"font-size:40px;line-height:1.4; font-weight:300; margin-top:0px;margin-bottom:0px;color:#353535;background-clip: inherit;background-color: inherit; -webkit-text-fill-color:#353535;\"><\/div>\n\t\t\t\t<div class=\"kswr-heading-content kswr-shortcode-element\" data-fontsettings=\"font-size:14px;line-height:1.5;\" style=\"font-size:14px;line-height:1.5; font-family:Lato;font-weight:300; margin-top:0px;margin-bottom:0px;color:#777777;\">Dom zdravlja posluje sredstvima u dr\u017eavnoj svojini i prema istim ima prava i obaveze utvr\u0111ene zakonom i Odlukom o osnivanju.<br \/>\nDom zdravlja obavlja sljede\u0107e poslove zdravstvene za\u0161tite:<\/p>\n<ul>\n<li>Putem timova porodi\u010dne medicine obezbje\u0111uje se zdravstvena za\u0161tita po modelu porodi\u010dne medicine;<\/li>\n<li>Organizuje se obavljanje poslova imunizacije i higijensko-epidemiolo\u0161kih poslova i poslova hematolo\u0161ke laboratorijske dijagnostike;<\/li>\n<li>Organizuje se snabdijevanje lijekovima i medicinskim sredstvima ili se obezbje\u0111uje obavljanje tih poslova zaklju\u010divanjem ugovora sa apotekama,<\/li>\n<li>Organizuje se hitna medicinska pomo\u0107 i hitan sanitetski prevoz,<\/li>\n<li>Organizuje se stomatolo\u0161ka zdravstvena za\u0161tita,<\/li>\n<li>Mogu se organizovati ambulante za specijalisti\u010dke konsultacije iz ginekologije i pedijatrije,<\/li>\n<li>Mogu se organizovati posjete konsultanata specijalista, osim specijaliste medicine rada i specijaliste medicine sporta i<\/li>\n<li>Ocjenjivanje op\u0161te zdravstvene sposobnosti za radnike na radnim mjestima na kojima nisu prisutni profesionalni rizici, osim u vezi sa radnom sredinom, na zahtjev poslodavaca.<\/li>\n<\/ul>\n<p><\/div>\n\t\t\t<\/div><\/div><\/div><\/div><div class=\"kswr-column-settings\" data-minheight=\"0px\" data-isminheight=\"off\" data-theclasses=\"kswr_pnone kswr_mnone kswr_bnone\"><\/div><div class=\"wpb_column vc_column_container vc_col-sm-2\"><div class=\"vc_column-inner\" ><div class=\"wpb_wrapper\"><\/div><\/div><\/div><div class=\"kswr-column-settings\" data-minheight=\"0px\" data-isminheight=\"off\" data-theclasses=\"kswr_pnone kswr_mnone kswr_bnone\"><\/div><div class=\"wpb_column vc_column_container vc_col-sm-2\/5\"><div class=\"vc_column-inner\" ><div class=\"wpb_wrapper\"><div class=\"kswr-heading-container kswr-theelement\" style=\"text-align:left;\">\n\t\t\t\t<div class=\"kswr-heading-title kswr-shortcode-element  tmpl-title-font\" data-fontsettings=\"font-size:40px;line-height:1.4;\" style=\"font-size:40px;line-height:1.4; font-weight:300; margin-top:0px;margin-bottom:0px;color:#353535;background-clip: inherit;background-color: inherit; -webkit-text-fill-color:#353535;\"><\/div>\n\t\t\t\t<div class=\"kswr-heading-content kswr-shortcode-element\" data-fontsettings=\"font-size:14px;line-height:1.5;\" style=\"font-size:14px;line-height:1.5; font-family:Lato;font-weight:300; margin-top:0px;margin-bottom:0px;color:#777777;\">Djelatnosti Doma zdravlja su:<\/p>\n<ul>\n<li>Djelatnost op\u0161te medicinske prakse,<\/li>\n<li>Djelatnost specijalisti\u010dke medicinske prakse,<\/li>\n<li>Djelatnost stomatolo\u0161ke prakse<\/li>\n<li>Ostale djelatnosti zdravstvene za\u0161tite (izuzev djelatnosti banaka krvi, sperme i transplatacijskih organa).<\/li>\n<\/ul>\n<p><\/div>\n\t\t\t<\/div><div class=\"kswr-heading-container kswr-theelement\" style=\"text-align:left;\">\n\t\t\t\t<div class=\"kswr-heading-title kswr-shortcode-element  tmpl-title-font\" data-fontsettings=\"font-size:40px;line-height:1.4;\" style=\"font-size:40px;line-height:1.4; font-weight:300; margin-top:0px;margin-bottom:0px;color:#353535;background-clip: inherit;background-color: inherit; -webkit-text-fill-color:#353535;\"><\/div>\n\t\t\t\t<div class=\"kswr-heading-content kswr-shortcode-element\" data-fontsettings=\"font-size:14px;line-height:1.5;\" style=\"font-size:14px;line-height:1.5; font-family:Lato;font-weight:300; margin-top:0px;margin-bottom:0px;color:#777777;\">Dom zdravlja u svom sastavu ima sljede\u0107e slu\u017ebe: Medicinske slu\u017ebe Slu\u017eba porodi\u010dne medicine, Slu\u017eba hitne medicinske pomo\u0107i, Slu\u017eba laboratorijske dijagnostike, Stomatolo\u0161ka slu\u017eba, Slu\u017eba za uvo\u0111enje, pra\u0107enje i pobolj\u0161anje kvaliteta i sigurnosti zdravstvenih usluga. U domu zdravlja se mogu organizovati i sljede\u0107e slu\u017ebe: Slu\u017eba za specijalisti\u010dke konsultacije iz pedijatrije, Slu\u017eba za specijalisti\u010dke konsultacije iz ginekologije i Higijensko-epidemiolo\u0161ka slu\u017eba. Nemedicinske slu\u017ebe Rukovo\u0111enje i Koordinacija. Organi Doma zdravlja su: Upravni odbor i Direktor.<\/div>\n\t\t\t<\/div>\n\t<div class=\"wpb_text_column wpb_content_element\" >\n\t\t<div class=\"wpb_wrapper\">\n\t\t\t\n\t\t<\/div>\n\t<\/div>\n<\/div><\/div><\/div><div class=\"kswr-column-settings\" data-minheight=\"0px\" data-isminheight=\"off\" data-theclasses=\"kswr_pnone kswr_mnone kswr_bnone\"><\/div><\/div><div class=\"kswr-row-element-back\" data-classes=\"kswr_pnone kswr_mnone kswr_bnone\"><\/div>\n<\/div>","protected":false},"excerpt":{"rendered":"Nudimo Brzu i pouzdanu Medicinsku i zdravstvenu njegu na\u0161ih pacijeata Javna zdravstvena ustanova Dom zdravlja Stanari je javna zdravstvena ustanova u dr\u017eavnoj svojini, od op\u0161teg interesa, za pru\u017eanje primarne zdravstvene [...]","protected":false},"author":1,"featured_media":0,"parent":0,"menu_order":0,"comment_status":"closed","ping_status":"closed","template":"single-services.php","meta":{"footnotes":""},"class_list":["post-15043","page","type-page","status-publish","hentry"],"_links":{"self":[{"href":"https:\/\/domzdravljastanari.com\/en\/wp-json\/wp\/v2\/pages\/15043","targetHints":{"allow":["GET"]}}],"collection":[{"href":"https:\/\/domzdravljastanari.com\/en\/wp-json\/wp\/v2\/pages"}],"about":[{"href":"https:\/\/domzdravljastanari.com\/en\/wp-json\/wp\/v2\/types\/page"}],"author":[{"embeddable":true,"href":"https:\/\/domzdravljastanari.com\/en\/wp-json\/wp\/v2\/users\/1"}],"replies":[{"embeddable":true,"href":"https:\/\/domzdravljastanari.com\/en\/wp-json\/wp\/v2\/comments?post=15043"}],"version-history":[{"count":11,"href":"https:\/\/domzdravljastanari.com\/en\/wp-json\/wp\/v2\/pages\/15043\/revisions"}],"predecessor-version":[{"id":16933,"href":"https:\/\/domzdravljastanari.com\/en\/wp-json\/wp\/v2\/pages\/15043\/revisions\/16933"}],"wp:attachment":[{"href":"https:\/\/domzdravljastanari.com\/en\/wp-json\/wp\/v2\/media?parent=15043"}],"curies":[{"name":"wp","href":"https:\/\/api.w.org\/{rel}","templated":true}]}}